{"id":482,"date":"2026-04-10T09:46:48","date_gmt":"2026-04-10T07:46:48","guid":{"rendered":"https:\/\/pujcovna-lodicek.cz\/tajemstvi-prazskych-pristavu\/"},"modified":"2026-04-10T09:51:52","modified_gmt":"2026-04-10T07:51:52","slug":"the-secrets-of-pragues-ports","status":"publish","type":"page","link":"https:\/\/pujcovna-lodicek.cz\/en\/the-secrets-of-pragues-ports\/","title":{"rendered":"The secrets of Prague&#8217;s ports"},"content":{"rendered":"\n<p>We are preparing for you.<\/p>\n","protected":false},"excerpt":{"rendered":"<p>We are preparing for you.<\/p>\n","protected":false},"author":1,"featured_media":0,"parent":0,"menu_order":0,"comment_status":"closed","ping_status":"closed","template":"","meta":{"footnotes":""},"class_list":["post-482","page","type-page","status-publish","hentry"],"yoast_head":"<!-- This site is optimized with the Yoast SEO plugin v27.3 - https:\/\/yoast.com\/product\/yoast-seo-wordpress\/ -->\n<title>The secrets of Prague&#039;s ports - P\u016fj\u010dovna Lodi\u010dek<\/title>\n<meta name=\"robots\" content=\"index, follow, max-snippet:-1, max-image-preview:large, max-video-preview:-1\" \/>\n<link rel=\"canonical\" href=\"https:\/\/pujcovna-lodicek.cz\/en\/the-secrets-of-pragues-ports\/\" \/>\n<meta property=\"og:locale\" content=\"en_US\" \/>\n<meta property=\"og:type\" content=\"article\" \/>\n<meta property=\"og:title\" content=\"The secrets of Prague&#039;s ports - P\u016fj\u010dovna Lodi\u010dek\" \/>\n<meta property=\"og:description\" content=\"We are preparing for you.\" \/>\n<meta property=\"og:url\" content=\"https:\/\/pujcovna-lodicek.cz\/en\/the-secrets-of-pragues-ports\/\" \/>\n<meta property=\"og:site_name\" content=\"P\u016fj\u010dovna Lodi\u010dek\" \/>\n<meta property=\"article:modified_time\" content=\"2026-04-10T07:51:52+00:00\" \/>\n<meta name=\"twitter:label1\" content=\"Est. reading time\" \/>\n\t<meta name=\"twitter:data1\" content=\"1 minute\" \/>\n<script type=\"application\/ld+json\" class=\"yoast-schema-graph\">{\"@context\":\"https:\\\/\\\/schema.org\",\"@graph\":[{\"@type\":\"WebPage\",\"@id\":\"https:\\\/\\\/pujcovna-lodicek.cz\\\/en\\\/the-secrets-of-pragues-ports\\\/\",\"url\":\"https:\\\/\\\/pujcovna-lodicek.cz\\\/en\\\/the-secrets-of-pragues-ports\\\/\",\"name\":\"The secrets of Prague's ports - P\u016fj\u010dovna Lodi\u010dek\",\"isPartOf\":{\"@id\":\"https:\\\/\\\/pujcovna-lodicek.cz\\\/#website\"},\"datePublished\":\"2026-04-10T07:46:48+00:00\",\"dateModified\":\"2026-04-10T07:51:52+00:00\",\"breadcrumb\":{\"@id\":\"https:\\\/\\\/pujcovna-lodicek.cz\\\/en\\\/the-secrets-of-pragues-ports\\\/#breadcrumb\"},\"inLanguage\":\"en-US\",\"potentialAction\":[{\"@type\":\"ReadAction\",\"target\":[\"https:\\\/\\\/pujcovna-lodicek.cz\\\/en\\\/the-secrets-of-pragues-ports\\\/\"]}]},{\"@type\":\"BreadcrumbList\",\"@id\":\"https:\\\/\\\/pujcovna-lodicek.cz\\\/en\\\/the-secrets-of-pragues-ports\\\/#breadcrumb\",\"itemListElement\":[{\"@type\":\"ListItem\",\"position\":1,\"name\":\"Dom\u016f\",\"item\":\"https:\\\/\\\/pujcovna-lodicek.cz\\\/en\\\/\"},{\"@type\":\"ListItem\",\"position\":2,\"name\":\"The secrets of Prague&#8217;s ports\"}]},{\"@type\":\"WebSite\",\"@id\":\"https:\\\/\\\/pujcovna-lodicek.cz\\\/#website\",\"url\":\"https:\\\/\\\/pujcovna-lodicek.cz\\\/\",\"name\":\"P\u016fj\u010dovna Lodi\u010dek\",\"description\":\"ryb\u00e1\u0159sk\u00e9 pramice, motorov\u00e9 \u010dluny a dal\u0161\u00ed plavidla\",\"potentialAction\":[{\"@type\":\"SearchAction\",\"target\":{\"@type\":\"EntryPoint\",\"urlTemplate\":\"https:\\\/\\\/pujcovna-lodicek.cz\\\/?s={search_term_string}\"},\"query-input\":{\"@type\":\"PropertyValueSpecification\",\"valueRequired\":true,\"valueName\":\"search_term_string\"}}],\"inLanguage\":\"en-US\"}]}<\/script>\n<!-- \/ Yoast SEO plugin. -->","yoast_head_json":{"title":"The secrets of Prague's ports - P\u016fj\u010dovna Lodi\u010dek","robots":{"index":"index","follow":"follow","max-snippet":"max-snippet:-1","max-image-preview":"max-image-preview:large","max-video-preview":"max-video-preview:-1"},"canonical":"https:\/\/pujcovna-lodicek.cz\/en\/the-secrets-of-pragues-ports\/","og_locale":"en_US","og_type":"article","og_title":"The secrets of Prague's ports - P\u016fj\u010dovna Lodi\u010dek","og_description":"We are preparing for you.","og_url":"https:\/\/pujcovna-lodicek.cz\/en\/the-secrets-of-pragues-ports\/","og_site_name":"P\u016fj\u010dovna Lodi\u010dek","article_modified_time":"2026-04-10T07:51:52+00:00","twitter_misc":{"Est. reading time":"1 minute"},"schema":{"@context":"https:\/\/schema.org","@graph":[{"@type":"WebPage","@id":"https:\/\/pujcovna-lodicek.cz\/en\/the-secrets-of-pragues-ports\/","url":"https:\/\/pujcovna-lodicek.cz\/en\/the-secrets-of-pragues-ports\/","name":"The secrets of Prague's ports - P\u016fj\u010dovna Lodi\u010dek","isPartOf":{"@id":"https:\/\/pujcovna-lodicek.cz\/#website"},"datePublished":"2026-04-10T07:46:48+00:00","dateModified":"2026-04-10T07:51:52+00:00","breadcrumb":{"@id":"https:\/\/pujcovna-lodicek.cz\/en\/the-secrets-of-pragues-ports\/#breadcrumb"},"inLanguage":"en-US","potentialAction":[{"@type":"ReadAction","target":["https:\/\/pujcovna-lodicek.cz\/en\/the-secrets-of-pragues-ports\/"]}]},{"@type":"BreadcrumbList","@id":"https:\/\/pujcovna-lodicek.cz\/en\/the-secrets-of-pragues-ports\/#breadcrumb","itemListElement":[{"@type":"ListItem","position":1,"name":"Dom\u016f","item":"https:\/\/pujcovna-lodicek.cz\/en\/"},{"@type":"ListItem","position":2,"name":"The secrets of Prague&#8217;s ports"}]},{"@type":"WebSite","@id":"https:\/\/pujcovna-lodicek.cz\/#website","url":"https:\/\/pujcovna-lodicek.cz\/","name":"P\u016fj\u010dovna Lodi\u010dek","description":"ryb\u00e1\u0159sk\u00e9 pramice, motorov\u00e9 \u010dluny a dal\u0161\u00ed plavidla","potentialAction":[{"@type":"SearchAction","target":{"@type":"EntryPoint","urlTemplate":"https:\/\/pujcovna-lodicek.cz\/?s={search_term_string}"},"query-input":{"@type":"PropertyValueSpecification","valueRequired":true,"valueName":"search_term_string"}}],"inLanguage":"en-US"}]}},"_links":{"self":[{"href":"https:\/\/pujcovna-lodicek.cz\/en\/wp-json\/wp\/v2\/pages\/482","targetHints":{"allow":["GET"]}}],"collection":[{"href":"https:\/\/pujcovna-lodicek.cz\/en\/wp-json\/wp\/v2\/pages"}],"about":[{"href":"https:\/\/pujcovna-lodicek.cz\/en\/wp-json\/wp\/v2\/types\/page"}],"author":[{"embeddable":true,"href":"https:\/\/pujcovna-lodicek.cz\/en\/wp-json\/wp\/v2\/users\/1"}],"replies":[{"embeddable":true,"href":"https:\/\/pujcovna-lodicek.cz\/en\/wp-json\/wp\/v2\/comments?post=482"}],"version-history":[{"count":3,"href":"https:\/\/pujcovna-lodicek.cz\/en\/wp-json\/wp\/v2\/pages\/482\/revisions"}],"predecessor-version":[{"id":489,"href":"https:\/\/pujcovna-lodicek.cz\/en\/wp-json\/wp\/v2\/pages\/482\/revisions\/489"}],"wp:attachment":[{"href":"https:\/\/pujcovna-lodicek.cz\/en\/wp-json\/wp\/v2\/media?parent=482"}],"curies":[{"name":"wp","href":"https:\/\/api.w.org\/{rel}","templated":true}]}}