{"id":474,"date":"2026-04-10T09:32:15","date_gmt":"2026-04-10T07:32:15","guid":{"rendered":"https:\/\/pujcovna-lodicek.cz\/?page_id=474"},"modified":"2026-04-10T09:32:15","modified_gmt":"2026-04-10T07:32:15","slug":"opening-hours","status":"publish","type":"page","link":"https:\/\/pujcovna-lodicek.cz\/en\/opening-hours\/","title":{"rendered":"Opening hours"},"content":{"rendered":"\n<div class=\"wp-block-columns is-layout-flex wp-container-core-columns-is-layout-9d6595d7 wp-block-columns-is-layout-flex\">\n<div class=\"wp-block-column is-layout-flow wp-block-column-is-layout-flow\" style=\"flex-basis:20%\">\n<p>Monday<\/p>\n\n\n\n<p>Tuesday<\/p>\n\n\n\n<p>Wednesday<\/p>\n\n\n\n<p>Thursday<\/p>\n\n\n\n<p>Friday<\/p>\n\n\n\n<p>Saturday<\/p>\n\n\n\n<p>Saturday<\/p>\n<\/div>\n\n\n\n<div class=\"wp-block-column is-layout-flow wp-block-column-is-layout-flow\">\n<p>Closed<\/p>\n\n\n\n<p>Closed<\/p>\n\n\n\n<p>Closed<\/p>\n\n\n\n<p>13 \u2013 20<\/p>\n\n\n\n<p>13 \u2013 20<\/p>\n\n\n\n<p>13 \u2013 20<\/p>\n\n\n\n<p>13 \u2013 20<\/p>\n<\/div>\n<\/div>\n","protected":false},"excerpt":{"rendered":"<p>Monday Tuesday Wednesday Thursday Friday Saturday Saturday Closed Closed Closed 13 \u2013 20 13 \u2013 20 13 \u2013 20 13 \u2013 20<\/p>\n","protected":false},"author":1,"featured_media":0,"parent":0,"menu_order":0,"comment_status":"closed","ping_status":"closed","template":"","meta":{"footnotes":""},"class_list":["post-474","page","type-page","status-publish","hentry"],"yoast_head":"<!-- This site is optimized with the Yoast SEO plugin v27.3 - https:\/\/yoast.com\/product\/yoast-seo-wordpress\/ -->\n<title>Opening hours - P\u016fj\u010dovna Lodi\u010dek<\/title>\n<meta name=\"robots\" content=\"index, follow, max-snippet:-1, max-image-preview:large, max-video-preview:-1\" \/>\n<link rel=\"canonical\" href=\"https:\/\/pujcovna-lodicek.cz\/en\/opening-hours\/\" \/>\n<meta property=\"og:locale\" content=\"en_US\" \/>\n<meta property=\"og:type\" content=\"article\" \/>\n<meta property=\"og:title\" content=\"Opening hours - P\u016fj\u010dovna Lodi\u010dek\" \/>\n<meta property=\"og:description\" content=\"Monday Tuesday Wednesday Thursday Friday Saturday Saturday Closed Closed Closed 13 \u2013 20 13 \u2013 20 13 \u2013 20 13 \u2013 20\" \/>\n<meta property=\"og:url\" content=\"https:\/\/pujcovna-lodicek.cz\/en\/opening-hours\/\" \/>\n<meta property=\"og:site_name\" content=\"P\u016fj\u010dovna Lodi\u010dek\" \/>\n<meta name=\"twitter:label1\" content=\"Est. reading time\" \/>\n\t<meta name=\"twitter:data1\" content=\"1 minute\" \/>\n<script type=\"application\/ld+json\" class=\"yoast-schema-graph\">{\"@context\":\"https:\\\/\\\/schema.org\",\"@graph\":[{\"@type\":\"WebPage\",\"@id\":\"https:\\\/\\\/pujcovna-lodicek.cz\\\/en\\\/opening-hours\\\/\",\"url\":\"https:\\\/\\\/pujcovna-lodicek.cz\\\/en\\\/opening-hours\\\/\",\"name\":\"Opening hours - P\u016fj\u010dovna Lodi\u010dek\",\"isPartOf\":{\"@id\":\"https:\\\/\\\/pujcovna-lodicek.cz\\\/#website\"},\"datePublished\":\"2026-04-10T07:32:15+00:00\",\"breadcrumb\":{\"@id\":\"https:\\\/\\\/pujcovna-lodicek.cz\\\/en\\\/opening-hours\\\/#breadcrumb\"},\"inLanguage\":\"en-US\",\"potentialAction\":[{\"@type\":\"ReadAction\",\"target\":[\"https:\\\/\\\/pujcovna-lodicek.cz\\\/en\\\/opening-hours\\\/\"]}]},{\"@type\":\"BreadcrumbList\",\"@id\":\"https:\\\/\\\/pujcovna-lodicek.cz\\\/en\\\/opening-hours\\\/#breadcrumb\",\"itemListElement\":[{\"@type\":\"ListItem\",\"position\":1,\"name\":\"Dom\u016f\",\"item\":\"https:\\\/\\\/pujcovna-lodicek.cz\\\/en\\\/\"},{\"@type\":\"ListItem\",\"position\":2,\"name\":\"Opening hours\"}]},{\"@type\":\"WebSite\",\"@id\":\"https:\\\/\\\/pujcovna-lodicek.cz\\\/#website\",\"url\":\"https:\\\/\\\/pujcovna-lodicek.cz\\\/\",\"name\":\"P\u016fj\u010dovna Lodi\u010dek\",\"description\":\"ryb\u00e1\u0159sk\u00e9 pramice, motorov\u00e9 \u010dluny a dal\u0161\u00ed plavidla\",\"potentialAction\":[{\"@type\":\"SearchAction\",\"target\":{\"@type\":\"EntryPoint\",\"urlTemplate\":\"https:\\\/\\\/pujcovna-lodicek.cz\\\/?s={search_term_string}\"},\"query-input\":{\"@type\":\"PropertyValueSpecification\",\"valueRequired\":true,\"valueName\":\"search_term_string\"}}],\"inLanguage\":\"en-US\"}]}<\/script>\n<!-- \/ Yoast SEO plugin. -->","yoast_head_json":{"title":"Opening hours - P\u016fj\u010dovna Lodi\u010dek","robots":{"index":"index","follow":"follow","max-snippet":"max-snippet:-1","max-image-preview":"max-image-preview:large","max-video-preview":"max-video-preview:-1"},"canonical":"https:\/\/pujcovna-lodicek.cz\/en\/opening-hours\/","og_locale":"en_US","og_type":"article","og_title":"Opening hours - P\u016fj\u010dovna Lodi\u010dek","og_description":"Monday Tuesday Wednesday Thursday Friday Saturday Saturday Closed Closed Closed 13 \u2013 20 13 \u2013 20 13 \u2013 20 13 \u2013 20","og_url":"https:\/\/pujcovna-lodicek.cz\/en\/opening-hours\/","og_site_name":"P\u016fj\u010dovna Lodi\u010dek","twitter_misc":{"Est. reading time":"1 minute"},"schema":{"@context":"https:\/\/schema.org","@graph":[{"@type":"WebPage","@id":"https:\/\/pujcovna-lodicek.cz\/en\/opening-hours\/","url":"https:\/\/pujcovna-lodicek.cz\/en\/opening-hours\/","name":"Opening hours - P\u016fj\u010dovna Lodi\u010dek","isPartOf":{"@id":"https:\/\/pujcovna-lodicek.cz\/#website"},"datePublished":"2026-04-10T07:32:15+00:00","breadcrumb":{"@id":"https:\/\/pujcovna-lodicek.cz\/en\/opening-hours\/#breadcrumb"},"inLanguage":"en-US","potentialAction":[{"@type":"ReadAction","target":["https:\/\/pujcovna-lodicek.cz\/en\/opening-hours\/"]}]},{"@type":"BreadcrumbList","@id":"https:\/\/pujcovna-lodicek.cz\/en\/opening-hours\/#breadcrumb","itemListElement":[{"@type":"ListItem","position":1,"name":"Dom\u016f","item":"https:\/\/pujcovna-lodicek.cz\/en\/"},{"@type":"ListItem","position":2,"name":"Opening hours"}]},{"@type":"WebSite","@id":"https:\/\/pujcovna-lodicek.cz\/#website","url":"https:\/\/pujcovna-lodicek.cz\/","name":"P\u016fj\u010dovna Lodi\u010dek","description":"ryb\u00e1\u0159sk\u00e9 pramice, motorov\u00e9 \u010dluny a dal\u0161\u00ed plavidla","potentialAction":[{"@type":"SearchAction","target":{"@type":"EntryPoint","urlTemplate":"https:\/\/pujcovna-lodicek.cz\/?s={search_term_string}"},"query-input":{"@type":"PropertyValueSpecification","valueRequired":true,"valueName":"search_term_string"}}],"inLanguage":"en-US"}]}},"_links":{"self":[{"href":"https:\/\/pujcovna-lodicek.cz\/en\/wp-json\/wp\/v2\/pages\/474","targetHints":{"allow":["GET"]}}],"collection":[{"href":"https:\/\/pujcovna-lodicek.cz\/en\/wp-json\/wp\/v2\/pages"}],"about":[{"href":"https:\/\/pujcovna-lodicek.cz\/en\/wp-json\/wp\/v2\/types\/page"}],"author":[{"embeddable":true,"href":"https:\/\/pujcovna-lodicek.cz\/en\/wp-json\/wp\/v2\/users\/1"}],"replies":[{"embeddable":true,"href":"https:\/\/pujcovna-lodicek.cz\/en\/wp-json\/wp\/v2\/comments?post=474"}],"version-history":[{"count":1,"href":"https:\/\/pujcovna-lodicek.cz\/en\/wp-json\/wp\/v2\/pages\/474\/revisions"}],"predecessor-version":[{"id":475,"href":"https:\/\/pujcovna-lodicek.cz\/en\/wp-json\/wp\/v2\/pages\/474\/revisions\/475"}],"wp:attachment":[{"href":"https:\/\/pujcovna-lodicek.cz\/en\/wp-json\/wp\/v2\/media?parent=474"}],"curies":[{"name":"wp","href":"https:\/\/api.w.org\/{rel}","templated":true}]}}