{"id":467,"date":"2022-05-18T08:31:57","date_gmt":"2022-05-18T06:31:57","guid":{"rendered":"https:\/\/pujcovna-lodicek.cz\/obcerstveni\/"},"modified":"2026-04-10T08:22:37","modified_gmt":"2026-04-10T06:22:37","slug":"refreshments","status":"publish","type":"page","link":"https:\/\/pujcovna-lodicek.cz\/en\/refreshments\/","title":{"rendered":"Refreshments"},"content":{"rendered":"\n<p>You can also sit down at our rental and enjoy something nice to drink.<\/p>\n\n\n\n<p>You can now choose beverages from our menu, which we\u2019ll prepare chilled for your trip on our excursion raft. That way, you don\u2019t have to worry about anything\u2014just come and enjoy your cruise.<\/p>\n\n\n\n<p><em>To download the drink menu, click on the image.<\/em><\/p>\n\n\n\n<figure class=\"wp-block-image size-full\"><img loading=\"lazy\" decoding=\"async\" width=\"546\" height=\"766\" src=\"https:\/\/pujcovna-lodicek.cz\/wp-content\/uploads\/2024\/04\/napojovy-listek.png\" alt=\"\" class=\"wp-image-345\" srcset=\"https:\/\/pujcovna-lodicek.cz\/wp-content\/uploads\/2024\/04\/napojovy-listek.png 546w, https:\/\/pujcovna-lodicek.cz\/wp-content\/uploads\/2024\/04\/napojovy-listek-214x300.png 214w\" sizes=\"auto, (max-width: 546px) 100vw, 546px\" \/><\/figure>\n","protected":false},"excerpt":{"rendered":"<p>You can also sit down at our rental and enjoy something nice to drink. You can now choose beverages from our menu, which we\u2019ll prepare chilled for your trip on our excursion raft. That way, you don\u2019t have to worry about anything\u2014just come and enjoy your cruise. To download the drink menu, click on the [&hellip;]<\/p>\n","protected":false},"author":3,"featured_media":0,"parent":0,"menu_order":0,"comment_status":"closed","ping_status":"closed","template":"","meta":{"footnotes":""},"class_list":["post-467","page","type-page","status-publish","hentry"],"yoast_head":"<!-- This site is optimized with the Yoast SEO plugin v27.3 - https:\/\/yoast.com\/product\/yoast-seo-wordpress\/ -->\n<title>Refreshments - P\u016fj\u010dovna Lodi\u010dek<\/title>\n<meta name=\"robots\" content=\"index, follow, max-snippet:-1, max-image-preview:large, max-video-preview:-1\" \/>\n<link rel=\"canonical\" href=\"https:\/\/pujcovna-lodicek.cz\/en\/refreshments\/\" \/>\n<meta property=\"og:locale\" content=\"en_US\" \/>\n<meta property=\"og:type\" content=\"article\" \/>\n<meta property=\"og:title\" content=\"Refreshments - P\u016fj\u010dovna Lodi\u010dek\" \/>\n<meta property=\"og:description\" content=\"You can also sit down at our rental and enjoy something nice to drink. You can now choose beverages from our menu, which we\u2019ll prepare chilled for your trip on our excursion raft. That way, you don\u2019t have to worry about anything\u2014just come and enjoy your cruise. To download the drink menu, click on the [&hellip;]\" \/>\n<meta property=\"og:url\" content=\"https:\/\/pujcovna-lodicek.cz\/en\/refreshments\/\" \/>\n<meta property=\"og:site_name\" content=\"P\u016fj\u010dovna Lodi\u010dek\" \/>\n<meta property=\"article:modified_time\" content=\"2026-04-10T06:22:37+00:00\" \/>\n<meta property=\"og:image\" content=\"https:\/\/pujcovna-lodicek.cz\/wp-content\/uploads\/2024\/04\/napojovy-listek.png\" \/>\n\t<meta property=\"og:image:width\" content=\"546\" \/>\n\t<meta property=\"og:image:height\" content=\"766\" \/>\n\t<meta property=\"og:image:type\" content=\"image\/png\" \/>\n<meta name=\"twitter:label1\" content=\"Est. reading time\" \/>\n\t<meta name=\"twitter:data1\" content=\"1 minute\" \/>\n<script type=\"application\/ld+json\" class=\"yoast-schema-graph\">{\"@context\":\"https:\\\/\\\/schema.org\",\"@graph\":[{\"@type\":\"WebPage\",\"@id\":\"https:\\\/\\\/pujcovna-lodicek.cz\\\/en\\\/refreshments\\\/\",\"url\":\"https:\\\/\\\/pujcovna-lodicek.cz\\\/en\\\/refreshments\\\/\",\"name\":\"Refreshments - P\u016fj\u010dovna Lodi\u010dek\",\"isPartOf\":{\"@id\":\"https:\\\/\\\/pujcovna-lodicek.cz\\\/#website\"},\"primaryImageOfPage\":{\"@id\":\"https:\\\/\\\/pujcovna-lodicek.cz\\\/en\\\/refreshments\\\/#primaryimage\"},\"image\":{\"@id\":\"https:\\\/\\\/pujcovna-lodicek.cz\\\/en\\\/refreshments\\\/#primaryimage\"},\"thumbnailUrl\":\"https:\\\/\\\/pujcovna-lodicek.cz\\\/wp-content\\\/uploads\\\/2024\\\/04\\\/napojovy-listek.png\",\"datePublished\":\"2022-05-18T06:31:57+00:00\",\"dateModified\":\"2026-04-10T06:22:37+00:00\",\"breadcrumb\":{\"@id\":\"https:\\\/\\\/pujcovna-lodicek.cz\\\/en\\\/refreshments\\\/#breadcrumb\"},\"inLanguage\":\"en-US\",\"potentialAction\":[{\"@type\":\"ReadAction\",\"target\":[\"https:\\\/\\\/pujcovna-lodicek.cz\\\/en\\\/refreshments\\\/\"]}]},{\"@type\":\"ImageObject\",\"inLanguage\":\"en-US\",\"@id\":\"https:\\\/\\\/pujcovna-lodicek.cz\\\/en\\\/refreshments\\\/#primaryimage\",\"url\":\"https:\\\/\\\/pujcovna-lodicek.cz\\\/wp-content\\\/uploads\\\/2024\\\/04\\\/napojovy-listek.png\",\"contentUrl\":\"https:\\\/\\\/pujcovna-lodicek.cz\\\/wp-content\\\/uploads\\\/2024\\\/04\\\/napojovy-listek.png\"},{\"@type\":\"BreadcrumbList\",\"@id\":\"https:\\\/\\\/pujcovna-lodicek.cz\\\/en\\\/refreshments\\\/#breadcrumb\",\"itemListElement\":[{\"@type\":\"ListItem\",\"position\":1,\"name\":\"Dom\u016f\",\"item\":\"https:\\\/\\\/pujcovna-lodicek.cz\\\/en\\\/\"},{\"@type\":\"ListItem\",\"position\":2,\"name\":\"Refreshments\"}]},{\"@type\":\"WebSite\",\"@id\":\"https:\\\/\\\/pujcovna-lodicek.cz\\\/#website\",\"url\":\"https:\\\/\\\/pujcovna-lodicek.cz\\\/\",\"name\":\"P\u016fj\u010dovna Lodi\u010dek\",\"description\":\"ryb\u00e1\u0159sk\u00e9 pramice, motorov\u00e9 \u010dluny a dal\u0161\u00ed plavidla\",\"potentialAction\":[{\"@type\":\"SearchAction\",\"target\":{\"@type\":\"EntryPoint\",\"urlTemplate\":\"https:\\\/\\\/pujcovna-lodicek.cz\\\/?s={search_term_string}\"},\"query-input\":{\"@type\":\"PropertyValueSpecification\",\"valueRequired\":true,\"valueName\":\"search_term_string\"}}],\"inLanguage\":\"en-US\"}]}<\/script>\n<!-- \/ Yoast SEO plugin. -->","yoast_head_json":{"title":"Refreshments - P\u016fj\u010dovna Lodi\u010dek","robots":{"index":"index","follow":"follow","max-snippet":"max-snippet:-1","max-image-preview":"max-image-preview:large","max-video-preview":"max-video-preview:-1"},"canonical":"https:\/\/pujcovna-lodicek.cz\/en\/refreshments\/","og_locale":"en_US","og_type":"article","og_title":"Refreshments - P\u016fj\u010dovna Lodi\u010dek","og_description":"You can also sit down at our rental and enjoy something nice to drink. You can now choose beverages from our menu, which we\u2019ll prepare chilled for your trip on our excursion raft. That way, you don\u2019t have to worry about anything\u2014just come and enjoy your cruise. To download the drink menu, click on the [&hellip;]","og_url":"https:\/\/pujcovna-lodicek.cz\/en\/refreshments\/","og_site_name":"P\u016fj\u010dovna Lodi\u010dek","article_modified_time":"2026-04-10T06:22:37+00:00","og_image":[{"width":546,"height":766,"url":"https:\/\/pujcovna-lodicek.cz\/wp-content\/uploads\/2024\/04\/napojovy-listek.png","type":"image\/png"}],"twitter_misc":{"Est. reading time":"1 minute"},"schema":{"@context":"https:\/\/schema.org","@graph":[{"@type":"WebPage","@id":"https:\/\/pujcovna-lodicek.cz\/en\/refreshments\/","url":"https:\/\/pujcovna-lodicek.cz\/en\/refreshments\/","name":"Refreshments - P\u016fj\u010dovna Lodi\u010dek","isPartOf":{"@id":"https:\/\/pujcovna-lodicek.cz\/#website"},"primaryImageOfPage":{"@id":"https:\/\/pujcovna-lodicek.cz\/en\/refreshments\/#primaryimage"},"image":{"@id":"https:\/\/pujcovna-lodicek.cz\/en\/refreshments\/#primaryimage"},"thumbnailUrl":"https:\/\/pujcovna-lodicek.cz\/wp-content\/uploads\/2024\/04\/napojovy-listek.png","datePublished":"2022-05-18T06:31:57+00:00","dateModified":"2026-04-10T06:22:37+00:00","breadcrumb":{"@id":"https:\/\/pujcovna-lodicek.cz\/en\/refreshments\/#breadcrumb"},"inLanguage":"en-US","potentialAction":[{"@type":"ReadAction","target":["https:\/\/pujcovna-lodicek.cz\/en\/refreshments\/"]}]},{"@type":"ImageObject","inLanguage":"en-US","@id":"https:\/\/pujcovna-lodicek.cz\/en\/refreshments\/#primaryimage","url":"https:\/\/pujcovna-lodicek.cz\/wp-content\/uploads\/2024\/04\/napojovy-listek.png","contentUrl":"https:\/\/pujcovna-lodicek.cz\/wp-content\/uploads\/2024\/04\/napojovy-listek.png"},{"@type":"BreadcrumbList","@id":"https:\/\/pujcovna-lodicek.cz\/en\/refreshments\/#breadcrumb","itemListElement":[{"@type":"ListItem","position":1,"name":"Dom\u016f","item":"https:\/\/pujcovna-lodicek.cz\/en\/"},{"@type":"ListItem","position":2,"name":"Refreshments"}]},{"@type":"WebSite","@id":"https:\/\/pujcovna-lodicek.cz\/#website","url":"https:\/\/pujcovna-lodicek.cz\/","name":"P\u016fj\u010dovna Lodi\u010dek","description":"ryb\u00e1\u0159sk\u00e9 pramice, motorov\u00e9 \u010dluny a dal\u0161\u00ed plavidla","potentialAction":[{"@type":"SearchAction","target":{"@type":"EntryPoint","urlTemplate":"https:\/\/pujcovna-lodicek.cz\/?s={search_term_string}"},"query-input":{"@type":"PropertyValueSpecification","valueRequired":true,"valueName":"search_term_string"}}],"inLanguage":"en-US"}]}},"_links":{"self":[{"href":"https:\/\/pujcovna-lodicek.cz\/en\/wp-json\/wp\/v2\/pages\/467","targetHints":{"allow":["GET"]}}],"collection":[{"href":"https:\/\/pujcovna-lodicek.cz\/en\/wp-json\/wp\/v2\/pages"}],"about":[{"href":"https:\/\/pujcovna-lodicek.cz\/en\/wp-json\/wp\/v2\/types\/page"}],"author":[{"embeddable":true,"href":"https:\/\/pujcovna-lodicek.cz\/en\/wp-json\/wp\/v2\/users\/3"}],"replies":[{"embeddable":true,"href":"https:\/\/pujcovna-lodicek.cz\/en\/wp-json\/wp\/v2\/comments?post=467"}],"version-history":[{"count":1,"href":"https:\/\/pujcovna-lodicek.cz\/en\/wp-json\/wp\/v2\/pages\/467\/revisions"}],"predecessor-version":[{"id":469,"href":"https:\/\/pujcovna-lodicek.cz\/en\/wp-json\/wp\/v2\/pages\/467\/revisions\/469"}],"wp:attachment":[{"href":"https:\/\/pujcovna-lodicek.cz\/en\/wp-json\/wp\/v2\/media?parent=467"}],"curies":[{"name":"wp","href":"https:\/\/api.w.org\/{rel}","templated":true}]}}