{"id":460,"date":"2022-05-18T08:40:04","date_gmt":"2022-05-18T06:40:04","guid":{"rendered":"https:\/\/pujcovna-lodicek.cz\/otevirame-jiz-25-brezna-tesime-se-na-vas\/"},"modified":"2026-04-10T07:51:40","modified_gmt":"2026-04-10T05:51:40","slug":"otevirame-jiz-25-brezna-tesime-se-na-vas","status":"publish","type":"page","link":"https:\/\/pujcovna-lodicek.cz\/en\/","title":{"rendered":"\u00davodn\u00ed str\u00e1nka"},"content":{"rendered":"\r\n<h2 style=\"color: #339966;\"><strong>You can drive our boats without a captain&#8217;s license \ud83d\ude42 &#x2693;<\/strong><\/h2>\r\n","protected":false},"excerpt":{"rendered":"<p>You can drive our boats without a captain&#8217;s license \ud83d\ude42 &#x2693;<\/p>\n","protected":false},"author":3,"featured_media":0,"parent":0,"menu_order":0,"comment_status":"closed","ping_status":"closed","template":"","meta":{"footnotes":""},"class_list":["post-460","page","type-page","status-publish","hentry"],"yoast_head":"<!-- This site is optimized with the Yoast SEO plugin v27.3 - https:\/\/yoast.com\/product\/yoast-seo-wordpress\/ -->\n<title>\u00davodn\u00ed str\u00e1nka - P\u016fj\u010dovna Lodi\u010dek<\/title>\n<meta name=\"robots\" content=\"index, follow, max-snippet:-1, max-image-preview:large, max-video-preview:-1\" \/>\n<link rel=\"canonical\" href=\"https:\/\/pujcovna-lodicek.cz\/en\/\" \/>\n<meta property=\"og:locale\" content=\"en_US\" \/>\n<meta property=\"og:type\" content=\"article\" \/>\n<meta property=\"og:title\" content=\"\u00davodn\u00ed str\u00e1nka - P\u016fj\u010dovna Lodi\u010dek\" \/>\n<meta property=\"og:description\" content=\"You can drive our boats without a captain&#8217;s license \ud83d\ude42 &#x2693;\" \/>\n<meta property=\"og:url\" content=\"https:\/\/pujcovna-lodicek.cz\/en\/\" \/>\n<meta property=\"og:site_name\" content=\"P\u016fj\u010dovna Lodi\u010dek\" \/>\n<meta property=\"article:modified_time\" content=\"2026-04-10T05:51:40+00:00\" \/>\n<meta name=\"twitter:label1\" content=\"Est. reading time\" \/>\n\t<meta name=\"twitter:data1\" content=\"1 minute\" \/>\n<script type=\"application\/ld+json\" class=\"yoast-schema-graph\">{\"@context\":\"https:\\\/\\\/schema.org\",\"@graph\":[{\"@type\":\"WebPage\",\"@id\":\"https:\\\/\\\/pujcovna-lodicek.cz\\\/en\\\/\",\"url\":\"https:\\\/\\\/pujcovna-lodicek.cz\\\/en\\\/\",\"name\":\"\u00davodn\u00ed str\u00e1nka - P\u016fj\u010dovna Lodi\u010dek\",\"isPartOf\":{\"@id\":\"https:\\\/\\\/pujcovna-lodicek.cz\\\/#website\"},\"datePublished\":\"2022-05-18T06:40:04+00:00\",\"dateModified\":\"2026-04-10T05:51:40+00:00\",\"breadcrumb\":{\"@id\":\"https:\\\/\\\/pujcovna-lodicek.cz\\\/en\\\/#breadcrumb\"},\"inLanguage\":\"en-US\",\"potentialAction\":[{\"@type\":\"ReadAction\",\"target\":[\"https:\\\/\\\/pujcovna-lodicek.cz\\\/en\\\/\"]}]},{\"@type\":\"BreadcrumbList\",\"@id\":\"https:\\\/\\\/pujcovna-lodicek.cz\\\/en\\\/#breadcrumb\",\"itemListElement\":[{\"@type\":\"ListItem\",\"position\":1,\"name\":\"Dom\u016f\",\"item\":\"https:\\\/\\\/pujcovna-lodicek.cz\\\/en\\\/\"},{\"@type\":\"ListItem\",\"position\":2,\"name\":\"\u00davodn\u00ed str\u00e1nka\"}]},{\"@type\":\"WebSite\",\"@id\":\"https:\\\/\\\/pujcovna-lodicek.cz\\\/#website\",\"url\":\"https:\\\/\\\/pujcovna-lodicek.cz\\\/\",\"name\":\"P\u016fj\u010dovna Lodi\u010dek\",\"description\":\"ryb\u00e1\u0159sk\u00e9 pramice, motorov\u00e9 \u010dluny a dal\u0161\u00ed plavidla\",\"potentialAction\":[{\"@type\":\"SearchAction\",\"target\":{\"@type\":\"EntryPoint\",\"urlTemplate\":\"https:\\\/\\\/pujcovna-lodicek.cz\\\/?s={search_term_string}\"},\"query-input\":{\"@type\":\"PropertyValueSpecification\",\"valueRequired\":true,\"valueName\":\"search_term_string\"}}],\"inLanguage\":\"en-US\"}]}<\/script>\n<!-- \/ Yoast SEO plugin. -->","yoast_head_json":{"title":"\u00davodn\u00ed str\u00e1nka - P\u016fj\u010dovna Lodi\u010dek","robots":{"index":"index","follow":"follow","max-snippet":"max-snippet:-1","max-image-preview":"max-image-preview:large","max-video-preview":"max-video-preview:-1"},"canonical":"https:\/\/pujcovna-lodicek.cz\/en\/","og_locale":"en_US","og_type":"article","og_title":"\u00davodn\u00ed str\u00e1nka - P\u016fj\u010dovna Lodi\u010dek","og_description":"You can drive our boats without a captain&#8217;s license \ud83d\ude42 &#x2693;","og_url":"https:\/\/pujcovna-lodicek.cz\/en\/","og_site_name":"P\u016fj\u010dovna Lodi\u010dek","article_modified_time":"2026-04-10T05:51:40+00:00","twitter_misc":{"Est. reading time":"1 minute"},"schema":{"@context":"https:\/\/schema.org","@graph":[{"@type":"WebPage","@id":"https:\/\/pujcovna-lodicek.cz\/en\/","url":"https:\/\/pujcovna-lodicek.cz\/en\/","name":"\u00davodn\u00ed str\u00e1nka - P\u016fj\u010dovna Lodi\u010dek","isPartOf":{"@id":"https:\/\/pujcovna-lodicek.cz\/#website"},"datePublished":"2022-05-18T06:40:04+00:00","dateModified":"2026-04-10T05:51:40+00:00","breadcrumb":{"@id":"https:\/\/pujcovna-lodicek.cz\/en\/#breadcrumb"},"inLanguage":"en-US","potentialAction":[{"@type":"ReadAction","target":["https:\/\/pujcovna-lodicek.cz\/en\/"]}]},{"@type":"BreadcrumbList","@id":"https:\/\/pujcovna-lodicek.cz\/en\/#breadcrumb","itemListElement":[{"@type":"ListItem","position":1,"name":"Dom\u016f","item":"https:\/\/pujcovna-lodicek.cz\/en\/"},{"@type":"ListItem","position":2,"name":"\u00davodn\u00ed str\u00e1nka"}]},{"@type":"WebSite","@id":"https:\/\/pujcovna-lodicek.cz\/#website","url":"https:\/\/pujcovna-lodicek.cz\/","name":"P\u016fj\u010dovna Lodi\u010dek","description":"ryb\u00e1\u0159sk\u00e9 pramice, motorov\u00e9 \u010dluny a dal\u0161\u00ed plavidla","potentialAction":[{"@type":"SearchAction","target":{"@type":"EntryPoint","urlTemplate":"https:\/\/pujcovna-lodicek.cz\/?s={search_term_string}"},"query-input":{"@type":"PropertyValueSpecification","valueRequired":true,"valueName":"search_term_string"}}],"inLanguage":"en-US"}]}},"_links":{"self":[{"href":"https:\/\/pujcovna-lodicek.cz\/en\/wp-json\/wp\/v2\/pages\/460","targetHints":{"allow":["GET"]}}],"collection":[{"href":"https:\/\/pujcovna-lodicek.cz\/en\/wp-json\/wp\/v2\/pages"}],"about":[{"href":"https:\/\/pujcovna-lodicek.cz\/en\/wp-json\/wp\/v2\/types\/page"}],"author":[{"embeddable":true,"href":"https:\/\/pujcovna-lodicek.cz\/en\/wp-json\/wp\/v2\/users\/3"}],"replies":[{"embeddable":true,"href":"https:\/\/pujcovna-lodicek.cz\/en\/wp-json\/wp\/v2\/comments?post=460"}],"version-history":[{"count":1,"href":"https:\/\/pujcovna-lodicek.cz\/en\/wp-json\/wp\/v2\/pages\/460\/revisions"}],"predecessor-version":[{"id":461,"href":"https:\/\/pujcovna-lodicek.cz\/en\/wp-json\/wp\/v2\/pages\/460\/revisions\/461"}],"wp:attachment":[{"href":"https:\/\/pujcovna-lodicek.cz\/en\/wp-json\/wp\/v2\/media?parent=460"}],"curies":[{"name":"wp","href":"https:\/\/api.w.org\/{rel}","templated":true}]}}