{"id":160,"date":"2015-07-18T21:50:33","date_gmt":"2015-07-18T19:50:33","guid":{"rendered":"http:\/\/pujcovna-lodicek.cz\/pro-skupiny\/"},"modified":"2026-04-10T09:52:31","modified_gmt":"2026-04-10T07:52:31","slug":"for-groups","status":"publish","type":"page","link":"https:\/\/pujcovna-lodicek.cz\/en\/for-groups\/","title":{"rendered":"For groups"},"content":{"rendered":"<p>For eight years we have been providing facilities for a variety of group activities, from trips to weddings on the river. If you are interested in group activity, just contact us. We offer not only the biggest fleet of the boats, but also the facilities for mooring and the crew at the venue.<\/p>\n<h2>Company events<\/h2>\n<p><img loading=\"lazy\" decoding=\"async\" class=\"alignnone size-full wp-image-67 img-responsive\" src=\"http:\/\/pujcovna-lodicek.cz\/wp-content\/uploads\/2015\/07\/pirati.jpg\" alt=\"_pirati\" width=\"605\" height=\"250\" srcset=\"https:\/\/pujcovna-lodicek.cz\/wp-content\/uploads\/2015\/07\/pirati.jpg 605w, https:\/\/pujcovna-lodicek.cz\/wp-content\/uploads\/2015\/07\/pirati-300x124.jpg 300w\" sizes=\"auto, (max-width: 605px) 100vw, 605px\" \/><\/p>\n<p>Whether you rent motorboats or yachts, your employees and colleagues will be more than excited!<\/p>\n<ul>\n<li><strong>Choose our boat rental for your group and corporate events!<\/strong>\u00a0From our fleet you can choose boats as you wish and drive them by yourself \u2013 without any special licence.<\/li>\n<\/ul>\n<p>If you are planning a corporate event, our boats are here for you, you can organize a half-day or full-day event by the river.<\/p>\n<h3>Our service for companies and groups<\/h3>\n<ul>\n<li>Rental of more boats<\/li>\n<li>Nice small cruise on the Vltava River (1-2 hours)<\/li>\n<li>Long-distance cruise (2-3 hours)<\/li>\n<li>Follow-up program at the final destination<\/li>\n<li>Lunch\/dinner at the final destination<\/li>\n<li>Photo-documentation of the whole event<\/li>\n<li>Nautical souvenirs for all participants<\/li>\n<li>T-shirts\/hoodies with the symbol of your event for all participants<\/li>\n<\/ul>\n<h2><img loading=\"lazy\" decoding=\"async\" class=\"alignnone size-full wp-image-68 img-responsive\" src=\"http:\/\/pujcovna-lodicek.cz\/wp-content\/uploads\/2015\/07\/svatba-na-voru.jpg\" alt=\"_svatba-na-voru\" width=\"605\" height=\"250\" srcset=\"https:\/\/pujcovna-lodicek.cz\/wp-content\/uploads\/2015\/07\/svatba-na-voru.jpg 605w, https:\/\/pujcovna-lodicek.cz\/wp-content\/uploads\/2015\/07\/svatba-na-voru-300x124.jpg 300w\" sizes=\"auto, (max-width: 605px) 100vw, 605px\" \/><\/h2>\n<h2>School trips<\/h2>\n<p>Take your class to motorboats. Set your teachers in the sunbeds on the floater with grill and enjoy the group cruise on Vltava River. All boats including motorboats can be driven by anyone from 15 years of age without any special licence.<\/p>\n<h3>\u00a0We can offer you<\/h3>\n<ul>\n<li>Rental of all boats you need<\/li>\n<li>Vltava River cruise (2 hours)<\/li>\n<li>Our crew will be with you all the time<\/li>\n<li>Photo-documentation of whole event<\/li>\n<li>Souvenirs for all participants based on your order<\/li>\n<li>Follow-up program based on your wish (quadricycles, go-karts, climbing center etc.)<\/li>\n<\/ul>\n<p>&nbsp;<\/p>\n<p>&nbsp;<\/p>\n","protected":false},"excerpt":{"rendered":"<p>For eight years we have been providing facilities for a variety of group activities, from trips to weddings on the river. If you are interested in group activity, just contact us. We offer not only the biggest fleet of the boats, but also the facilities for mooring and the crew at the venue. Company events [&hellip;]<\/p>\n","protected":false},"author":1,"featured_media":0,"parent":0,"menu_order":0,"comment_status":"closed","ping_status":"closed","template":"","meta":{"footnotes":""},"class_list":["post-160","page","type-page","status-publish","hentry"],"yoast_head":"<!-- This site is optimized with the Yoast SEO plugin v27.3 - https:\/\/yoast.com\/product\/yoast-seo-wordpress\/ -->\n<title>For groups - P\u016fj\u010dovna Lodi\u010dek<\/title>\n<meta name=\"robots\" content=\"index, follow, max-snippet:-1, max-image-preview:large, max-video-preview:-1\" \/>\n<link rel=\"canonical\" href=\"https:\/\/pujcovna-lodicek.cz\/en\/for-groups\/\" \/>\n<meta property=\"og:locale\" content=\"en_US\" \/>\n<meta property=\"og:type\" content=\"article\" \/>\n<meta property=\"og:title\" content=\"For groups - P\u016fj\u010dovna Lodi\u010dek\" \/>\n<meta property=\"og:description\" content=\"For eight years we have been providing facilities for a variety of group activities, from trips to weddings on the river. If you are interested in group activity, just contact us. We offer not only the biggest fleet of the boats, but also the facilities for mooring and the crew at the venue. Company events [&hellip;]\" \/>\n<meta property=\"og:url\" content=\"https:\/\/pujcovna-lodicek.cz\/en\/for-groups\/\" \/>\n<meta property=\"og:site_name\" content=\"P\u016fj\u010dovna Lodi\u010dek\" \/>\n<meta property=\"article:modified_time\" content=\"2026-04-10T07:52:31+00:00\" \/>\n<meta property=\"og:image\" content=\"http:\/\/pujcovna-lodicek.cz\/wp-content\/uploads\/2015\/07\/pirati.jpg\" \/>\n<meta name=\"twitter:label1\" content=\"Est. reading time\" \/>\n\t<meta name=\"twitter:data1\" content=\"2 minutes\" \/>\n<script type=\"application\/ld+json\" class=\"yoast-schema-graph\">{\"@context\":\"https:\\\/\\\/schema.org\",\"@graph\":[{\"@type\":\"WebPage\",\"@id\":\"https:\\\/\\\/pujcovna-lodicek.cz\\\/en\\\/for-groups\\\/\",\"url\":\"https:\\\/\\\/pujcovna-lodicek.cz\\\/en\\\/for-groups\\\/\",\"name\":\"For groups - P\u016fj\u010dovna Lodi\u010dek\",\"isPartOf\":{\"@id\":\"https:\\\/\\\/pujcovna-lodicek.cz\\\/#website\"},\"primaryImageOfPage\":{\"@id\":\"https:\\\/\\\/pujcovna-lodicek.cz\\\/en\\\/for-groups\\\/#primaryimage\"},\"image\":{\"@id\":\"https:\\\/\\\/pujcovna-lodicek.cz\\\/en\\\/for-groups\\\/#primaryimage\"},\"thumbnailUrl\":\"http:\\\/\\\/pujcovna-lodicek.cz\\\/wp-content\\\/uploads\\\/2015\\\/07\\\/pirati.jpg\",\"datePublished\":\"2015-07-18T19:50:33+00:00\",\"dateModified\":\"2026-04-10T07:52:31+00:00\",\"breadcrumb\":{\"@id\":\"https:\\\/\\\/pujcovna-lodicek.cz\\\/en\\\/for-groups\\\/#breadcrumb\"},\"inLanguage\":\"en-US\",\"potentialAction\":[{\"@type\":\"ReadAction\",\"target\":[\"https:\\\/\\\/pujcovna-lodicek.cz\\\/en\\\/for-groups\\\/\"]}]},{\"@type\":\"ImageObject\",\"inLanguage\":\"en-US\",\"@id\":\"https:\\\/\\\/pujcovna-lodicek.cz\\\/en\\\/for-groups\\\/#primaryimage\",\"url\":\"http:\\\/\\\/pujcovna-lodicek.cz\\\/wp-content\\\/uploads\\\/2015\\\/07\\\/pirati.jpg\",\"contentUrl\":\"http:\\\/\\\/pujcovna-lodicek.cz\\\/wp-content\\\/uploads\\\/2015\\\/07\\\/pirati.jpg\"},{\"@type\":\"BreadcrumbList\",\"@id\":\"https:\\\/\\\/pujcovna-lodicek.cz\\\/en\\\/for-groups\\\/#breadcrumb\",\"itemListElement\":[{\"@type\":\"ListItem\",\"position\":1,\"name\":\"Dom\u016f\",\"item\":\"https:\\\/\\\/pujcovna-lodicek.cz\\\/en\\\/\"},{\"@type\":\"ListItem\",\"position\":2,\"name\":\"For groups\"}]},{\"@type\":\"WebSite\",\"@id\":\"https:\\\/\\\/pujcovna-lodicek.cz\\\/#website\",\"url\":\"https:\\\/\\\/pujcovna-lodicek.cz\\\/\",\"name\":\"P\u016fj\u010dovna Lodi\u010dek\",\"description\":\"ryb\u00e1\u0159sk\u00e9 pramice, motorov\u00e9 \u010dluny a dal\u0161\u00ed plavidla\",\"potentialAction\":[{\"@type\":\"SearchAction\",\"target\":{\"@type\":\"EntryPoint\",\"urlTemplate\":\"https:\\\/\\\/pujcovna-lodicek.cz\\\/?s={search_term_string}\"},\"query-input\":{\"@type\":\"PropertyValueSpecification\",\"valueRequired\":true,\"valueName\":\"search_term_string\"}}],\"inLanguage\":\"en-US\"}]}<\/script>\n<!-- \/ Yoast SEO plugin. -->","yoast_head_json":{"title":"For groups - P\u016fj\u010dovna Lodi\u010dek","robots":{"index":"index","follow":"follow","max-snippet":"max-snippet:-1","max-image-preview":"max-image-preview:large","max-video-preview":"max-video-preview:-1"},"canonical":"https:\/\/pujcovna-lodicek.cz\/en\/for-groups\/","og_locale":"en_US","og_type":"article","og_title":"For groups - P\u016fj\u010dovna Lodi\u010dek","og_description":"For eight years we have been providing facilities for a variety of group activities, from trips to weddings on the river. If you are interested in group activity, just contact us. We offer not only the biggest fleet of the boats, but also the facilities for mooring and the crew at the venue. Company events [&hellip;]","og_url":"https:\/\/pujcovna-lodicek.cz\/en\/for-groups\/","og_site_name":"P\u016fj\u010dovna Lodi\u010dek","article_modified_time":"2026-04-10T07:52:31+00:00","og_image":[{"url":"http:\/\/pujcovna-lodicek.cz\/wp-content\/uploads\/2015\/07\/pirati.jpg","type":"","width":"","height":""}],"twitter_misc":{"Est. reading time":"2 minutes"},"schema":{"@context":"https:\/\/schema.org","@graph":[{"@type":"WebPage","@id":"https:\/\/pujcovna-lodicek.cz\/en\/for-groups\/","url":"https:\/\/pujcovna-lodicek.cz\/en\/for-groups\/","name":"For groups - P\u016fj\u010dovna Lodi\u010dek","isPartOf":{"@id":"https:\/\/pujcovna-lodicek.cz\/#website"},"primaryImageOfPage":{"@id":"https:\/\/pujcovna-lodicek.cz\/en\/for-groups\/#primaryimage"},"image":{"@id":"https:\/\/pujcovna-lodicek.cz\/en\/for-groups\/#primaryimage"},"thumbnailUrl":"http:\/\/pujcovna-lodicek.cz\/wp-content\/uploads\/2015\/07\/pirati.jpg","datePublished":"2015-07-18T19:50:33+00:00","dateModified":"2026-04-10T07:52:31+00:00","breadcrumb":{"@id":"https:\/\/pujcovna-lodicek.cz\/en\/for-groups\/#breadcrumb"},"inLanguage":"en-US","potentialAction":[{"@type":"ReadAction","target":["https:\/\/pujcovna-lodicek.cz\/en\/for-groups\/"]}]},{"@type":"ImageObject","inLanguage":"en-US","@id":"https:\/\/pujcovna-lodicek.cz\/en\/for-groups\/#primaryimage","url":"http:\/\/pujcovna-lodicek.cz\/wp-content\/uploads\/2015\/07\/pirati.jpg","contentUrl":"http:\/\/pujcovna-lodicek.cz\/wp-content\/uploads\/2015\/07\/pirati.jpg"},{"@type":"BreadcrumbList","@id":"https:\/\/pujcovna-lodicek.cz\/en\/for-groups\/#breadcrumb","itemListElement":[{"@type":"ListItem","position":1,"name":"Dom\u016f","item":"https:\/\/pujcovna-lodicek.cz\/en\/"},{"@type":"ListItem","position":2,"name":"For groups"}]},{"@type":"WebSite","@id":"https:\/\/pujcovna-lodicek.cz\/#website","url":"https:\/\/pujcovna-lodicek.cz\/","name":"P\u016fj\u010dovna Lodi\u010dek","description":"ryb\u00e1\u0159sk\u00e9 pramice, motorov\u00e9 \u010dluny a dal\u0161\u00ed plavidla","potentialAction":[{"@type":"SearchAction","target":{"@type":"EntryPoint","urlTemplate":"https:\/\/pujcovna-lodicek.cz\/?s={search_term_string}"},"query-input":{"@type":"PropertyValueSpecification","valueRequired":true,"valueName":"search_term_string"}}],"inLanguage":"en-US"}]}},"_links":{"self":[{"href":"https:\/\/pujcovna-lodicek.cz\/en\/wp-json\/wp\/v2\/pages\/160","targetHints":{"allow":["GET"]}}],"collection":[{"href":"https:\/\/pujcovna-lodicek.cz\/en\/wp-json\/wp\/v2\/pages"}],"about":[{"href":"https:\/\/pujcovna-lodicek.cz\/en\/wp-json\/wp\/v2\/types\/page"}],"author":[{"embeddable":true,"href":"https:\/\/pujcovna-lodicek.cz\/en\/wp-json\/wp\/v2\/users\/1"}],"replies":[{"embeddable":true,"href":"https:\/\/pujcovna-lodicek.cz\/en\/wp-json\/wp\/v2\/comments?post=160"}],"version-history":[{"count":2,"href":"https:\/\/pujcovna-lodicek.cz\/en\/wp-json\/wp\/v2\/pages\/160\/revisions"}],"predecessor-version":[{"id":199,"href":"https:\/\/pujcovna-lodicek.cz\/en\/wp-json\/wp\/v2\/pages\/160\/revisions\/199"}],"wp:attachment":[{"href":"https:\/\/pujcovna-lodicek.cz\/en\/wp-json\/wp\/v2\/media?parent=160"}],"curies":[{"name":"wp","href":"https:\/\/api.w.org\/{rel}","templated":true}]}}